{"id":19,"date":"2020-01-06T08:27:03","date_gmt":"2020-01-06T08:27:03","guid":{"rendered":"https:\/\/www.wrzaczek.at\/?page_id=19"},"modified":"2021-04-26T11:18:50","modified_gmt":"2021-04-26T11:18:50","slug":"publications","status":"publish","type":"page","link":"https:\/\/www.wrzaczek.at\/?page_id=19","title":{"rendered":"Publications"},"content":{"rendered":"\n<h2 class=\"wp-block-heading\"><strong>2021<\/strong><\/h2>\n\n\n\n<p>Castro B, Citterico M, Kimura S, Stevens D, <strong>Wrzaczek M<u><span style=\"text-decoration: underline;\"><\/span><\/u><\/strong>, Coaker GL. <strong>2021<\/strong>. Stress-induced reactive oxygen species compartmentalization, perception and signalling. <strong><em>Nature Plants<\/em><\/strong> 7: 403-412.<\/p>\n\n\n\n<h2 class=\"wp-block-heading\"><strong>2020<\/strong><\/h2>\n\n\n\n<p>Thor K, Jiang S, Michard E, George J, Scherzer S, Huang S, Dindas J, Derbyshire P, Leitao N, DeFalco TA, K\u00f6ster P, Hunter K, Kimura S, Gronnier J, Stransfield L, Kadota Y, B\u00fccherl CA, Charpentier M, <strong>Wrzaczek M<\/strong>, MacLean D, Oldroyd GED, Menke FLH, Roelfsema MRG, Hedrich R, Feij\u00f3 J, Zipfel C. <strong>2020<\/strong>. The calcium-permeable channel OSCA1.3 regulates plant stomatal immunity. <strong><em>Nature<\/em><\/strong> doi: 10.1038\/s41586-020-2702-<\/p>\n\n\n\n<p>Parry G, Provart NJ, Brady SM, Uzilday B, The Multinational Arabidopsis Steering Comittee. <strong>2020<\/strong>. Curret status of the multinationan Arabidopsis community. <strong><em>Plant Direct<\/em><\/strong> https:\/\/doi.org\/10.1002\/pld3.248<\/p>\n\n\n\n<p>Vainonen JP, Shapiguzov A, Krasensky-Wrzaczek J, De Masi R, Gossens R, Danciu I, Battchikova N, Jonak C, Wirthmueller L, <strong>Wrzaczek M<\/strong>, Kangasj\u00e4rvi J. <strong>2020<\/strong>. Arabidopsis Poly(ADP-ribose)-binding protein RCD1 interacts with Photoregulatory Protein Kinases in nuclear bodies. <strong><em>biorXiv <\/em><\/strong>https:\/\/doi.org\/10.1101\/2020.07.02.184937 [<a href=\"https:\/\/doi.org\/10.1101\/2020.07.02.184937\">Link<\/a>]<\/p>\n\n\n\n<p>Kimura S, Hunter K, Vaahtera L, Tran HC, Citterico M, Vaattovaara A, Rokka A, Stolze SC, Harzen A, Mei\u00dfner L, Wilkens MMT, Hamann T, Toyota M, Nakagami H, <strong>Wrzaczek M<sup>*<\/sup><\/strong>. <strong>2020<\/strong>. CRK2-mediated control of ROS production by phosphorylation of the RBOHD C-terminus in Arabidopsis. <strong><em>Plant Cell<\/em><\/strong> 32(4): 1063-1080 [<a rel=\"noreferrer noopener\" href=\"http:\/\/www.plantcell.org\/content\/32\/4\/1063\" target=\"_blank\">Link<\/a>]<\/p>\n\n\n\n<h2 class=\"wp-block-heading\"><strong>2019<\/strong><\/h2>\n\n\n\n<p>Sierla M, Prole D, Saraiva N, Carrara G, Dinischiotu N, Vaattovaara A, <strong>Wrzaczek M<\/strong>, Taylor CW, Smith GL,Feys B. <strong>2019<\/strong>. GAAPs are evolutionarily conserved ion channels that regulate cell death in plants. <strong><em>biorXiv<\/em><\/strong> doi: https:\/\/doi.org\/10.1101\/859678 [<a rel=\"noreferrer noopener\" aria-label=\"Link (opens in a new tab)\" href=\"https:\/\/www.biorxiv.org\/content\/10.1101\/859678v1\" target=\"_blank\">Link<\/a>]<\/p>\n\n\n\n<p>Saloj\u00e4rvi J, Smolander OP, Nieminen K , Rajaman S, Mohammadi O, Safdari P, Lamminm\u00e4ki A, Immanen J, Lan T, Tanskanen J, Rastas P, Amiryousefi A, Jayaprakash B, Kammonen J, Hagqvist R, Eswaran G, Ahonen VH, Serra JA, Asiegbu FO, de Dios Barajas-Lopez J, Blande D, Blokhina O, Blomster T, Broholm S, Brosch\u00e9 M, Cui F, Dardick C, Ehonen E, Elomaa P, Escamez S, Fagerstedt KV, Fujii H, Gauthier A, Gollan PJ, Halimaa P, Heino P, Himanen K, Hollender C, Kangasj\u00e4rvi S, Kauppinen L, Kelleher CT, Kontunen-Soppela S, Koskinen JP, Kovalchuk A, K\u00e4renlampi S, K\u00e4rk\u00f6nen A, Lim KJ, Lepp\u00e4l\u00e4 J, Macpherson L, Mikola J, Mouhu K, M\u00e4h\u00f6nen AP, Niinemets \u00dc, Oksanen E, Overmyer K, Palva ET, Pazouki L, PennanenV, Puhakainen T, Poczai P, Possen BJHM, Punkkinen M, Rahikainen M, Rousi M, Ruonala R, van der Schoot C, Shapiguzov A, Sierla M, Sipil\u00e4 TP, Sutela S, Teeri TH, Tervahauta AI, Vaattovaara A, Vahala J, Vetchinnikova L, Welling A, <strong>Wrzaczek M<\/strong>, Xu E, Paulin L, Schulman AH, Lascoux M, Albert VA, Auvinen P, Helariutta Y, Kangasj\u00e4rvi K. <strong>2019<\/strong>. Author correction: Adaptive landscape and population genomics of silver birch. <strong><em>Nature Genetics<\/em><\/strong> 51: 1187\u20131189.<\/p>\n\n\n\n<p>Hunter K, Kimura S, Rokka A, Tran HC, Toyota M, Kukkonen JP, <strong>Wrzaczek M*<\/strong>. <strong>2019<\/strong>. CRK2 enhances salt tolerance by regulating callose deposition in connection with PLD\u03b11. <strong><em>Plant Physiology<\/em><\/strong> 180(4): 2004-2021. [<a href=\"http:\/\/www.plantphysiol.org\/content\/180\/4\/2004\" target=\"_blank\" rel=\"noreferrer noopener\" aria-label=\"Link (opens in a new tab)\">Link<\/a>]<\/p>\n\n\n\n<p>Shapiguzov A, Vainonen J, Hunter K, Tossavainen H, Tiwari A, J\u00e4rvi S, Hellman M, Aarabi F, Alseekh S, Wybouw B, Van Der Kelen K, Nikkanen L, Krasensky-Wrzaczek J, Sipari N, Kein\u00e4nen M, Tyystj\u00e4rvi E, Rintam\u00e4ki E, De Rybel B, Saloj\u00e4rvi J, Van Breusegem F, Fernie AR, Brosch\u00e9 M, Permi P, Aro EM, <strong>Wrzaczek M<\/strong>, Kangasj\u00e4rvi J. <strong>2019<\/strong>. Arabidopsis RCD1 coordinates chloroplast and mitochondrial functions through interaction with ANAC transcription factors. <strong><em>eLife <\/em><\/strong>8: e43284. [<a href=\"https:\/\/elifesciences.org\/articles\/43284\" target=\"_blank\" rel=\"noreferrer noopener\" aria-label=\"Link (opens in a new tab)\">Link<\/a>]<\/p>\n\n\n\n<p>Vaattovaara A, Brandt B, Sitaram R, Safronov O, Veidenberg A, Luklov\u00e1 M, Kangasj\u00e4rvi J, L\u00f6ytynoja A, Hothorn M, Saloj\u00e4rvi J, <strong>Wrzaczek M*<\/strong>. <strong>2019<\/strong>. Mechanistic insights into the evolution of DUF26-containing proteins in land plants.<strong><em> Communications Biology<\/em><\/strong> 2: 56. [<a href=\"https:\/\/www.nature.com\/articles\/s42003-019-0306-9\" target=\"_blank\" rel=\"noreferrer noopener\" aria-label=\"Link (opens in a new tab)\">Link<\/a>]&nbsp;&nbsp;&nbsp;&nbsp;&nbsp;&nbsp;&nbsp;&nbsp;&nbsp;&nbsp;&nbsp;&nbsp;&nbsp;&nbsp;&nbsp;&nbsp;&nbsp;&nbsp;&nbsp;&nbsp;&nbsp;&nbsp;&nbsp;&nbsp;&nbsp;&nbsp;&nbsp;&nbsp;&nbsp;&nbsp;&nbsp;&nbsp;&nbsp;&nbsp;&nbsp;&nbsp;&nbsp;&nbsp;&nbsp;&nbsp;&nbsp;&nbsp; <\/p>\n\n\n\n<p>Escamez S, Stael S, Vainonen JP, Willems P, Jin H, Kimura S, Gevaert, Van Breusegem F, <strong>Wrzaczek M<\/strong>, Tuominen H. <strong>2019<\/strong>. Identification of an extracellular peptide restricting cell death during vascular development and stress in Arabidopsis. <strong><em>Journal of Experimental Botany<\/em><\/strong> 70(7): 2199\u20132210. [<a href=\"https:\/\/academic.oup.com\/jxb\/article\/70\/7\/2199\/5308826?searchresult=1\" target=\"_blank\" rel=\"noreferrer noopener\" aria-label=\"Link (opens in a new tab)\">Link<\/a>]<\/p>\n\n\n\n<p>Vaattovaara A, Lepp\u00e4l\u00e4 J, Saloj\u00e4rvi J, <strong>Wrzaczek M*<\/strong>. <strong>2019<\/strong>. High-throughput sequencing data and the impact of plant gene annotation quality.<strong><em> Journal of Experimental Botany<\/em><\/strong> 70(4): 1069-1076. [<a href=\"https:\/\/academic.oup.com\/jxb\/article\/70\/4\/1069\/5259105\" target=\"_blank\" rel=\"noreferrer noopener\" aria-label=\"Link (opens in a new tab)\">Link<\/a>]<\/p>\n\n\n\n<h2 class=\"wp-block-heading\"><strong>2018<\/strong> &nbsp;&nbsp;&nbsp;&nbsp;&nbsp;&nbsp;&nbsp;&nbsp;&nbsp;&nbsp;&nbsp;&nbsp;&nbsp;&nbsp;&nbsp;&nbsp;&nbsp;&nbsp;&nbsp;&nbsp;&nbsp; <\/h2>\n\n\n\n<p>Wirthmueller L, Asai S, Rallapalli G, Sklenar J, Fabro G, Kim DS, Lintermann R, Jaspers P, <strong>Wrzaczek M<\/strong>, Kangasj\u00e4rvi J, MacLean D, Menke FLH, Banfield MJ, Jones JDG. <strong>2018<\/strong>. Arabidopsis Downy Mildew effector HaRxL106 suppresses plant immunity by binding to RADICAL-INDUCED CELL DEATH1. <strong><em>New Phytologis<\/em><\/strong>t 220: 232-248.<\/p>\n\n\n\n<h2 class=\"wp-block-heading\"><strong>2017<\/strong><\/h2>\n\n\n\n<p>Vie AK, Najafi J, Winge P, Cattan E, <strong>Wrzaczek M<\/strong>, Kangasj\u00e4rvi J, Miller G, Brembu T, Bones AM. <strong>2017<\/strong>. The IDA-LIKE peptides IDL6 and IDL7 are negative modulators of stress responses in <em>Arabidopsis thaliana<\/em>. <strong><em>Journal of Experimental Botan<\/em><\/strong>y 68(13): 3557\u20133571.&nbsp;&nbsp;&nbsp;&nbsp; <\/p>\n\n\n\n<p>Saloj\u00e4rvi J, Smolander OP, Nieminen K , Rajaman S, Mohammadi O, Safdari P, Lamminm\u00e4ki A, Immanen J, Lan T, Tanskanen J, Rastas P, Amiryousefi A, Jayaprakash B, Kammonen J, Hagqvist R, Eswaran G, Ahonen VH, Serra JA, Asiegbu FO, de Dios Barajas-Lopez J, Blande D, Blokhina O, Blomster T, Broholm S, Brosch\u00e9 M, Cui F, Dardick C, Ehonen E, Elomaa P, Escamez S, Fagerstedt KV, Fujii H, Gauthier A, Gollan PJ, Halimaa P, Heino P, Himanen K, Hollender C, Kangasj\u00e4rvi S, Kauppinen L, Kelleher CT, Kontunen-Soppela S, Koskinen JP, Kovalchuk A, K\u00e4renlampi S, K\u00e4rk\u00f6nen A, Lim KJ, Lepp\u00e4l\u00e4 J, Macpherson L, Mikola J, Mouhu K, M\u00e4h\u00f6nen AP, Niinemets \u00dc, Oksanen E, Overmyer K, Palva ET, Pazouki L, PennanenV, Puhakainen T, Poczai P, Possen BJHM, Punkkinen M, Rahikainen M, Rousi M, Ruonala R, van der Schoot C, Shapiguzov A, Sierla M, Sipil\u00e4 TP, Sutela S, Teeri TH, Tervahauta AI, Vaattovaara A, Vahala J, Vetchinnikova L, Welling A, <strong>Wrzaczek M<\/strong>, Xu E, Paulin L, Schulman AH, Lascoux M, Albert VA, Auvinen P, Helariutta Y, Kangasj\u00e4rvi K. <strong>2017<\/strong>. Adaptive landscape and population genomics of silver birch. <strong><em>Nature Genetics<\/em><\/strong> 49(6): 904-912.&nbsp;&nbsp;&nbsp;&nbsp;&nbsp;&nbsp; <\/p>\n\n\n\n<p>Kimura S, Waszczak C, Hunter K, <strong>Wrzaczek M*<\/strong>. <strong>2017<\/strong>. Bound by fate: reactive oxygen species in receptor-like kinase signaling. <strong><em>Plant Cell<\/em><\/strong> 29(4): 638-654.&nbsp;&nbsp;&nbsp;&nbsp;&nbsp;&nbsp;&nbsp;&nbsp;&nbsp;&nbsp;&nbsp;&nbsp;&nbsp;&nbsp;&nbsp;&nbsp;&nbsp; <\/p>\n\n\n\n<p>Vaattovaara A, Saloj\u00e4rvi J, <strong>Wrzaczek M<\/strong>*. <strong>2017<\/strong>. Extraction and Curation of Gene Models for Plant Receptor Kinases for Phylogenetic Analysis. In: Plant Receptor Kinases: Methods and Protocols. Aalen R, Editor, Springer. 79-91.<\/p>\n\n\n\n<h2 class=\"wp-block-heading\"><strong>2016<\/strong><\/h2>\n\n\n\n<p>Siligato R, Yadav SR, Ma G, Lehesranta S, Ma G, Ursache R, Sevilem I, Zhang J, Gorte M, Prasad K, <strong>Wrzaczek M<\/strong>, Heidstra R, Murphy A, Scheres B, M\u00e4h\u00f6nen AP. <strong>2016<\/strong>. MultiSite Gateway compatible cell type-specific gene inducible system for plants. <strong><em>Plant Physiology<\/em><\/strong> 170(2): 627-641.&nbsp;&nbsp;&nbsp;&nbsp;&nbsp; <\/p>\n\n\n\n<h2 class=\"wp-block-heading\"><strong>2015<\/strong><\/h2>\n\n\n\n<p>Bourdais G, Burdiak P, Gauthier A, Nitsch L, Saloj\u00e4rvi J, Rayapuram C, Id\u00e4nheimo N, Hunter K, Kimura S, Merilo E, Vaattovaara A, Oracz K, Kaufholdt D, Pallon A, Anggoro DT, Gl\u00f3w D, Lowe J, Zhou J, Mohammadi O, Puukko T, Albert A, Lang H, Ernst D, Kollist H, Brosch\u00e9 M, Durner J, Borst JW, Collinge DB, Karpi\u0144ski S, Lyngkj\u00e6r M, Robatzek S, <strong>Wrzaczek M*<\/strong>, Kangasj\u00e4rvi J. <strong>2015<\/strong>. Large-scale phenomics identifies primary and fine-tuning roles for CRKs in responses related to oxidative stress. <strong><em>PLoS Genetics<\/em><\/strong> 7(11): e1005373.&nbsp;&nbsp;&nbsp;&nbsp;&nbsp;&nbsp;&nbsp;&nbsp;&nbsp;&nbsp;&nbsp;&nbsp;&nbsp;&nbsp; <\/p>\n\n\n\n<p>Allahverdiyeva Y, Battchikova N, Brosch\u00e9 M, Fujii H, Kangasj\u00e4rvi S, Mulo P, M\u00e4h\u00f6nen AP, Nieminen K, Overmyer K, Saloj\u00e4rvi J, <strong>Wrzaczek M*<\/strong>. <strong>2015<\/strong>. Integration of photosynthesis, development and stress as an opportunity for plant biology. <strong><em>New Phytologist<\/em><\/strong> 208(3): 647-655.<\/p>\n\n\n\n<p><strong>Wrzaczek M*<\/strong>, Vainonen JP, Stael S, Tsiatsiani L, Help-Rinta-Rahko H, Gauthier A, Kaufholdt D, Bollh\u00f6ner B, Lamminm\u00e4ki A, Staes A, Gevaert K, Tuominen H, Van Breusegem F, Helariutta Y, Kangasj\u00e4rvi J. <strong>2015<\/strong>. GRIM REAPER peptide binds to receptor kinase PRK5 to trigger cell death in Arabidopsis. <strong><em>EMBO Journal<\/em><\/strong> 32(1): 55-66. &nbsp;&nbsp;&nbsp;&nbsp;&nbsp;&nbsp;&nbsp;<\/p>\n\n\n\n<h2 class=\"wp-block-heading\"><strong>2014<\/strong>&nbsp;&nbsp;&nbsp;&nbsp;&nbsp;&nbsp;&nbsp;&nbsp;&nbsp;&nbsp;&nbsp;&nbsp;&nbsp;&nbsp;&nbsp;&nbsp;&nbsp;&nbsp;&nbsp;&nbsp; <\/h2>\n\n\n\n<p>Id\u00e4nheimo N, Gauthier A, Saloj\u00e4rvi J, Siligato R, Brosch\u00e9 M, Kollist H, M\u00e4h\u00f6nen AP, Kangasj\u00e4rvi J, <strong>Wrzaczek M*<\/strong>. <strong>2014<\/strong>. The <em>Arabidopsis thaliana<\/em> Cysteine-rich Receptor-like Kinases CRK6 and CRK7 protect against apoplastic oxidative stress. <strong><em>Biochemical and Biophysical Research Communications<\/em><\/strong> 445(2): 457-462.&nbsp;&nbsp;&nbsp;&nbsp;&nbsp;&nbsp;&nbsp;&nbsp;&nbsp;&nbsp;&nbsp;&nbsp;&nbsp;&nbsp;&nbsp;&nbsp; <\/p>\n\n\n\n<p>Vaahtera L, Brosch\u00e9 M, <strong>Wrzaczek M<\/strong>, Kangasj\u00e4rvi J. <strong>2014<\/strong>. Specificity in ROS signaling and transcript signatures. <strong><em>Antioxidants and Redox Signaling<\/em><\/strong> 21(9): 1422-1441.&nbsp;&nbsp;&nbsp;&nbsp;&nbsp;&nbsp;&nbsp;&nbsp;&nbsp;&nbsp;&nbsp;<\/p>\n\n\n\n<h2 class=\"wp-block-heading\"><strong>2013<\/strong>&nbsp;&nbsp;&nbsp;&nbsp;&nbsp;&nbsp;&nbsp;&nbsp; <\/h2>\n\n\n\n<p><strong>Wrzaczek M<\/strong>, Brosch\u00e9 M, Kangasj\u00e4rvi J. <strong>2013 <\/strong>ROS signaling loops \u2013 production, perception, regulation. <strong><em>Current Opinion in Plant Biology<\/em><\/strong> 16(5): 575-582.&nbsp;&nbsp;&nbsp;&nbsp;&nbsp;&nbsp;&nbsp;&nbsp;&nbsp;&nbsp;&nbsp;&nbsp;&nbsp;&nbsp;&nbsp;&nbsp;&nbsp;&nbsp;&nbsp;&nbsp;&nbsp;&nbsp;&nbsp;&nbsp; <\/p>\n\n\n\n<h2 class=\"wp-block-heading\"><strong>2012<\/strong><\/h2>\n\n\n\n<p>Vainonen J, Jaspers P, <strong>Wrzaczek M<\/strong>, Reddy RA, Lamminm\u00e4ki A, Vaahtera L, Brosch\u00e9 M, Kangasj\u00e4rvi J. <strong>2012<\/strong>. RCD1\u2013DREB2A interaction in leaf senescence and stress responses in Arabidopsis thaliana. <strong><em>Biochemical Journal<\/em><\/strong> 442: 573-581.&nbsp;&nbsp; <\/p>\n\n\n\n<p>Shapiguzov A, Vainonen JP, <strong>Wrzaczek M<\/strong>, Kangasj\u00e4rvi J. <strong>2012<\/strong>. ROS-talk \u2013 how the apoplast, the chloroplast and the nucleus get the message through. <strong><em>Frontiers in Plant Science<\/em><\/strong> 3: 292.&nbsp;&nbsp;&nbsp;&nbsp;&nbsp;&nbsp;&nbsp;<\/p>\n\n\n\n<h2 class=\"wp-block-heading\"><strong>2011<\/strong>&nbsp;&nbsp;&nbsp;&nbsp; <\/h2>\n\n\n\n<p>Trotta A, <strong>Wrzaczek M<\/strong>, Scharte J, Tikkanen M, Konert G, Rahikainen M, Holmstr\u00f6m M, Hiltunen HM, Rips S, Sipari N, Mulo P, Weis E, von Schaewen A, Aro EM, Kangasj\u00e4rvi S. <strong>2011<\/strong>. Regulatory subunit B&#8217;\u03b3 of protein phosphatase 2A prevents unnecessary defense reactions under low light in Arabidopsis. <strong><em>Plant Physiology<\/em><\/strong> 156(3): 1464-80.&nbsp;&nbsp;&nbsp;&nbsp;&nbsp;&nbsp;&nbsp;&nbsp;&nbsp;&nbsp;&nbsp;&nbsp;&nbsp;&nbsp;&nbsp;&nbsp;&nbsp;&nbsp;&nbsp;&nbsp;&nbsp;&nbsp; <\/p>\n\n\n\n<p><strong>Wrzaczek M<\/strong>, Vainonen JP, Gauthier A, Overmyer K, Kangasj\u00e4rvi J. <strong>2011<\/strong>. Reactive oxygen in abiotic stress perception &#8211; from genes to proteins. In: Abiotic Stress Response in Plants &#8211; Physiological, Biochemical and Genetic Perspectives. Shanker A, Venkateswarlu B, Editors. InTech.<\/p>\n\n\n\n<h2 class=\"wp-block-heading\"><strong>2010<\/strong><\/h2>\n\n\n\n<p><strong>Wrzaczek M<\/strong>, Brosch\u00e9 M, Saloj\u00e4rvi J, Kangasj\u00e4rvi S, Id\u00e4nheimo N, Mersmann S, Robatzek S, Karpi\u0144ski S, Karpi\u0144ska B, Kangasj\u00e4rvi J. <strong>2010<\/strong>. Transcriptional regulation of the CRK\/DUF26 group of Receptor-like protein kinases by ozone and plant hormones in Arabidopsis.<strong><em> BMC Plant Biology<\/em><\/strong> 10: 95.&nbsp; <\/p>\n\n\n\n<p><strong>Wrzaczek M<\/strong>, Overmyer K, Kangasj\u00e4rvi J. <strong>2010<\/strong>. Editorial: Plant ROS and RNS: making plant science more radical than ever. <strong><em>Physiologia Plantarum<\/em><\/strong> 138(4): 357-359.<\/p>\n\n\n\n<p>Jaspers P, Overmyer K, <strong>Wrzaczek M<\/strong>, Vainonen JP, Blomster T, Reddy R, Saloj\u00e4rvi J, Kangasj\u00e4rvi J. <strong>2010<\/strong>. The RST and PARP-like domain containing SRO protein family: analysis of protein structure, function and conservation in land plants. <strong><em>BMC Genomics<\/em><\/strong> 11: 170. <\/p>\n\n\n\n<p>Brosch\u00e9 M, Kangasj\u00e4rvi S-L, Overmyer K, <strong>Wrzaczek M<\/strong>, and Kangasj\u00e4rvi J. <strong>2010<\/strong>. Stress Signaling III: Reactive oxygen species. In: Abiotic Stress Adaptation in Plants: Physiological, Molecular and Genomic Foundation. Pareek A, Sopory SK, Bohnert HJ, Govindjee, Editors. Springer (Dordrecht, The Netherlands). <\/p>\n\n\n\n<h2 class=\"wp-block-heading\"><strong>2009<\/strong>&nbsp;&nbsp;&nbsp;&nbsp;&nbsp;&nbsp;&nbsp; &nbsp;&nbsp; <\/h2>\n\n\n\n<p><strong>Wrzaczek M<\/strong>, Brosch\u00e9 M, Kangasj\u00e4rvi J. <strong>2009<\/strong>. Scorched earth strategy: Grim Reaper saves the plant. <strong><em>Plant Signaling &amp; Behavior<\/em><\/strong> 4(7): 1-3.&nbsp;&nbsp;&nbsp;&nbsp;&nbsp;&nbsp;&nbsp;&nbsp;&nbsp;&nbsp;&nbsp;&nbsp;&nbsp;&nbsp;&nbsp;&nbsp;&nbsp;&nbsp;&nbsp;&nbsp; <\/p>\n\n\n\n<p><strong>Wrzaczek M<\/strong>, Brosch\u00e9 M, Kollist H, Kangasj\u00e4rvi J. <strong>2009<\/strong>. <em>Arabidopsis <\/em>GRI is involved in the regulation of cell death induced by extracellular ROS. <strong><em>Proc Natl Acad Sci USA<\/em><\/strong> 106(13): 5412-5417.&nbsp;&nbsp;&nbsp;&nbsp;&nbsp;&nbsp;&nbsp;&nbsp;&nbsp;&nbsp;&nbsp;&nbsp;&nbsp;&nbsp;&nbsp;&nbsp;&nbsp;&nbsp;&nbsp;&nbsp;&nbsp;&nbsp;&nbsp;&nbsp;&nbsp;&nbsp;&nbsp;&nbsp; <\/p>\n\n\n\n<p>Overmyer K, <strong>Wrzaczek M<\/strong> and Kangasj\u00e4rvi J. <strong>2009<\/strong>. 14. ROS in ozone toxicity. In: Reactive Oxygen Species in Plant Signalling. del R\u00edo LA and Puppo A. Editors. Springer (Dordrecht, The Netherlands).&nbsp;&nbsp;&nbsp;&nbsp;&nbsp;&nbsp;&nbsp;<\/p>\n\n\n\n<h2 class=\"wp-block-heading\"><strong>2007<\/strong>&nbsp;&nbsp;&nbsp;&nbsp;&nbsp;&nbsp;&nbsp;&nbsp;&nbsp;&nbsp;&nbsp;&nbsp;&nbsp;&nbsp;&nbsp;&nbsp;&nbsp;&nbsp;&nbsp;&nbsp;&nbsp;&nbsp;&nbsp;&nbsp;&nbsp;&nbsp;&nbsp;&nbsp;&nbsp;&nbsp; <\/h2>\n\n\n\n<p><strong>Wrzaczek M<\/strong>, Rozhon W, Jonak C. <strong>2007<\/strong>. A Proteasome-regulated Glycogen Synthase Kinase 3 Modulates Disease Response in Plants. <strong><em>Journal of Biological Chemistry<\/em><\/strong> 282(8):5 249-5255.&nbsp;&nbsp;&nbsp;&nbsp;&nbsp; <\/p>\n\n\n\n<h2 class=\"wp-block-heading\"><strong>2005<\/strong><\/h2>\n\n\n\n<p>Rozhon W, Petutschnig E, <strong>Wrzaczek <\/strong>M, Jonak C. <strong>2005<\/strong>. Quanti\ufb01cation of free and total salicylic acid in plants by solid-phase extraction and isocratic high-performance anion-exchange chromatography.<strong><em> Analytical and Bioanalytical Chemistry<\/em><\/strong> 382 (7): 1620-1627.&nbsp;&nbsp;&nbsp;&nbsp;&nbsp;&nbsp;&nbsp;&nbsp;&nbsp;&nbsp;<\/p>\n\n\n\n<h2 class=\"wp-block-heading\"><strong>2001<\/strong>&nbsp;&nbsp;&nbsp;&nbsp;&nbsp;&nbsp;&nbsp;&nbsp;&nbsp;&nbsp;&nbsp;&nbsp;&nbsp;&nbsp;&nbsp;&nbsp;&nbsp; <\/h2>\n\n\n\n<p><strong>Wrzaczek M<\/strong>, Hirt H. <strong>2001<\/strong>. Plant MAP kinase pathways: how many and what for? <strong>Biology of the Cell<\/strong> 93(1-2): 81-87.&nbsp;&nbsp;&nbsp; &nbsp;&nbsp;&nbsp;&nbsp;&nbsp;&nbsp;&nbsp;&nbsp;&nbsp;&nbsp;&nbsp;&nbsp;&nbsp;&nbsp;&nbsp;&nbsp;&nbsp;&nbsp;&nbsp;&nbsp;&nbsp;&nbsp;&nbsp;&nbsp;&nbsp;&nbsp;&nbsp;&nbsp; <\/p>\n","protected":false},"excerpt":{"rendered":"<p>2021 Castro B, Citterico M, Kimura S, Stevens D, Wrzaczek M, Coaker GL. 2021. Stress-induced reactive oxygen species compartmentalization, perception&hellip;<\/p>\n","protected":false},"author":1,"featured_media":0,"parent":0,"menu_order":0,"comment_status":"closed","ping_status":"closed","template":"","meta":{"footnotes":""},"class_list":["post-19","page","type-page","status-publish","hentry"],"_links":{"self":[{"href":"https:\/\/www.wrzaczek.at\/index.php?rest_route=\/wp\/v2\/pages\/19","targetHints":{"allow":["GET"]}}],"collection":[{"href":"https:\/\/www.wrzaczek.at\/index.php?rest_route=\/wp\/v2\/pages"}],"about":[{"href":"https:\/\/www.wrzaczek.at\/index.php?rest_route=\/wp\/v2\/types\/page"}],"author":[{"embeddable":true,"href":"https:\/\/www.wrzaczek.at\/index.php?rest_route=\/wp\/v2\/users\/1"}],"replies":[{"embeddable":true,"href":"https:\/\/www.wrzaczek.at\/index.php?rest_route=%2Fwp%2Fv2%2Fcomments&post=19"}],"version-history":[{"count":22,"href":"https:\/\/www.wrzaczek.at\/index.php?rest_route=\/wp\/v2\/pages\/19\/revisions"}],"predecessor-version":[{"id":136,"href":"https:\/\/www.wrzaczek.at\/index.php?rest_route=\/wp\/v2\/pages\/19\/revisions\/136"}],"wp:attachment":[{"href":"https:\/\/www.wrzaczek.at\/index.php?rest_route=%2Fwp%2Fv2%2Fmedia&parent=19"}],"curies":[{"name":"wp","href":"https:\/\/api.w.org\/{rel}","templated":true}]}}